{"id":2184,"date":"2023-05-10T15:54:49","date_gmt":"2023-05-10T13:54:49","guid":{"rendered":"http:\/\/wp-dev1.srv-webdev-01\/?page_id=2184"},"modified":"2024-01-17T11:21:45","modified_gmt":"2024-01-17T10:21:45","slug":"formularbestaetigung","status":"publish","type":"page","link":"\/katalog\/kontakt\/formularbestaetigung\/","title":{"rendered":"Formularbest\u00e4tigung"},"content":{"rendered":"\n  \n    \n  \n  <div class=\" et-content-100 bg-medium space\">\n    <div class=\"row\">\n\n      \n              <div class=\"col\">\n                    <h1>Vielen Dank!<\/h1><p>Ihre Nachricht wurde erfolgreich an uns \u00fcbermittelt. Wir werden Ihr Anliegen schnellstm\u00f6glich bearbeiten und uns dann mit Ihnen in Verbindung setzen. In dringenden F\u00e4llen kontaktieren Sie uns bitte telefonisch.<\/p>\n                                                  \n          <a class=\"btn\" href=\"\/katalog\/\" title=\"Zur\u00fcck zur Startseite\" >Zur\u00fcck zur Startseite<\/a>                  <\/div>\n          <\/div>\n  <\/div>\n\n","protected":false},"excerpt":{"rendered":"","protected":false},"author":1,"featured_media":0,"parent":2181,"menu_order":0,"comment_status":"closed","ping_status":"closed","template":"","meta":{"footnotes":""},"acf":[],"_links":{"self":[{"href":"\/katalog\/wp-json\/wp\/v2\/pages\/2184"}],"collection":[{"href":"\/katalog\/wp-json\/wp\/v2\/pages"}],"about":[{"href":"\/katalog\/wp-json\/wp\/v2\/types\/page"}],"author":[{"embeddable":true,"href":"\/katalog\/wp-json\/wp\/v2\/users\/1"}],"replies":[{"embeddable":true,"href":"\/katalog\/wp-json\/wp\/v2\/comments?post=2184"}],"version-history":[{"count":5,"href":"\/katalog\/wp-json\/wp\/v2\/pages\/2184\/revisions"}],"predecessor-version":[{"id":3521,"href":"\/katalog\/wp-json\/wp\/v2\/pages\/2184\/revisions\/3521"}],"up":[{"embeddable":true,"href":"\/katalog\/wp-json\/wp\/v2\/pages\/2181"}],"wp:attachment":[{"href":"\/katalog\/wp-json\/wp\/v2\/media?parent=2184"}],"curies":[{"name":"wp","href":"https:\/\/api.w.org\/{rel}","templated":true}]}}