{"id":3617,"date":"2024-01-19T16:13:11","date_gmt":"2024-01-19T15:13:11","guid":{"rendered":"\/katalog\/?post_type=product&#038;p=3617"},"modified":"2024-04-16T14:52:45","modified_gmt":"2024-04-16T12:52:45","slug":"lilliput-bm280-12g-4k-videomonitor","status":"publish","type":"product","link":"\/katalog\/produkt\/lilliput-bm280-12g-4k-videomonitor\/","title":{"rendered":"Lilliput BM280-12G 4K-Videomonitor"},"content":{"rendered":"<p>Er bietet 4K-Aufl\u00f6sung via 12G-SDI und HDMI (1x HDMI 2.0 f\u00fcr 4K bei 60Hz, 3x HDMI 1,4 f\u00fcr 4K bei 30Hz).<\/p>\n","protected":false},"excerpt":{"rendered":"<p>Er bietet 4K-Aufl\u00f6sung via 12G-SDI und HDMI (1x HDMI 2.0 f\u00fcr 4K bei 60Hz, 3x HDMI 1,4 f\u00fcr 4K bei 30Hz).<\/p>\n","protected":false},"featured_media":4157,"comment_status":"closed","ping_status":"closed","template":"","meta":[],"product_cat":[226],"product_tag":[],"acf":[],"_links":{"self":[{"href":"\/katalog\/wp-json\/wp\/v2\/product\/3617"}],"collection":[{"href":"\/katalog\/wp-json\/wp\/v2\/product"}],"about":[{"href":"\/katalog\/wp-json\/wp\/v2\/types\/product"}],"replies":[{"embeddable":true,"href":"\/katalog\/wp-json\/wp\/v2\/comments?post=3617"}],"wp:featuredmedia":[{"embeddable":true,"href":"\/katalog\/wp-json\/wp\/v2\/media\/4157"}],"wp:attachment":[{"href":"\/katalog\/wp-json\/wp\/v2\/media?parent=3617"}],"wp:term":[{"taxonomy":"product_cat","embeddable":true,"href":"\/katalog\/wp-json\/wp\/v2\/product_cat?post=3617"},{"taxonomy":"product_tag","embeddable":true,"href":"\/katalog\/wp-json\/wp\/v2\/product_tag?post=3617"}],"curies":[{"name":"wp","href":"https:\/\/api.w.org\/{rel}","templated":true}]}}