{"id":3639,"date":"2024-01-19T16:26:03","date_gmt":"2024-01-19T15:26:03","guid":{"rendered":"\/katalog\/?post_type=product&#038;p=3639"},"modified":"2024-02-07T11:00:10","modified_gmt":"2024-02-07T10:00:10","slug":"apc-back-ups-pro-1500-usv","status":"publish","type":"product","link":"\/katalog\/produkt\/apc-back-ups-pro-1500-usv\/","title":{"rendered":"APC Back-UPS Pro 1500 USV"},"content":{"rendered":"<p>230 Volt \/ 1465 Watt,<br \/>\n6 Schuko-Ausg\u00e4nge<br \/>\n(3 x mit Batterieunterst\u00fctzung)<br \/>\n(3 x mit \u00dcberspannungsschutz)bis zu 60min. \u00dcberbr\u00fcckungszeit<\/p>\n","protected":false},"excerpt":{"rendered":"<p>230 Volt \/ 1465 Watt, 6 Schuko-Ausg\u00e4nge (3 x mit Batterieunterst\u00fctzung) (3 x mit \u00dcberspannungsschutz)bis zu 60min. \u00dcberbr\u00fcckungszeit<\/p>\n","protected":false},"featured_media":3640,"comment_status":"closed","ping_status":"closed","template":"","meta":[],"product_cat":[227],"product_tag":[],"acf":[],"_links":{"self":[{"href":"\/katalog\/wp-json\/wp\/v2\/product\/3639"}],"collection":[{"href":"\/katalog\/wp-json\/wp\/v2\/product"}],"about":[{"href":"\/katalog\/wp-json\/wp\/v2\/types\/product"}],"replies":[{"embeddable":true,"href":"\/katalog\/wp-json\/wp\/v2\/comments?post=3639"}],"wp:featuredmedia":[{"embeddable":true,"href":"\/katalog\/wp-json\/wp\/v2\/media\/3640"}],"wp:attachment":[{"href":"\/katalog\/wp-json\/wp\/v2\/media?parent=3639"}],"wp:term":[{"taxonomy":"product_cat","embeddable":true,"href":"\/katalog\/wp-json\/wp\/v2\/product_cat?post=3639"},{"taxonomy":"product_tag","embeddable":true,"href":"\/katalog\/wp-json\/wp\/v2\/product_tag?post=3639"}],"curies":[{"name":"wp","href":"https:\/\/api.w.org\/{rel}","templated":true}]}}