{"id":3849,"date":"2024-01-22T15:04:55","date_gmt":"2024-01-22T14:04:55","guid":{"rendered":"\/katalog\/?post_type=product&#038;p=3849"},"modified":"2024-02-07T13:20:00","modified_gmt":"2024-02-07T12:20:00","slug":"bmd-micro-studio-camera-4k","status":"publish","type":"product","link":"\/katalog\/produkt\/bmd-micro-studio-camera-4k\/","title":{"rendered":"BMD Micro Studio Camera 4K"},"content":{"rendered":"<div class=\"cms-article\">\n<p>Effektive Sensorgr\u00f6\u00dfe | 13,056 mm x 7,344 mm<br \/>\nAufnahmeaufl\u00f6sungen | 3840 x2160 | 1920 x1080 | 1280 x720<br \/>\nObjektivanschluss | MFT-Bajonett mit elektronischer Blendensteuerung<\/p>\n<\/div>\n<div class=\"cms-article\"><\/div>\n","protected":false},"excerpt":{"rendered":"<p>Effektive Sensorgr\u00f6\u00dfe | 13,056 mm x 7,344 mm Aufnahmeaufl\u00f6sungen | 3840 x2160 | 1920 x1080 | 1280 x720 Objektivanschluss | MFT-Bajonett mit elektronischer Blendensteuerung<\/p>\n","protected":false},"featured_media":3850,"comment_status":"closed","ping_status":"closed","template":"","meta":[],"product_cat":[233],"product_tag":[],"acf":[],"_links":{"self":[{"href":"\/katalog\/wp-json\/wp\/v2\/product\/3849"}],"collection":[{"href":"\/katalog\/wp-json\/wp\/v2\/product"}],"about":[{"href":"\/katalog\/wp-json\/wp\/v2\/types\/product"}],"replies":[{"embeddable":true,"href":"\/katalog\/wp-json\/wp\/v2\/comments?post=3849"}],"wp:featuredmedia":[{"embeddable":true,"href":"\/katalog\/wp-json\/wp\/v2\/media\/3850"}],"wp:attachment":[{"href":"\/katalog\/wp-json\/wp\/v2\/media?parent=3849"}],"wp:term":[{"taxonomy":"product_cat","embeddable":true,"href":"\/katalog\/wp-json\/wp\/v2\/product_cat?post=3849"},{"taxonomy":"product_tag","embeddable":true,"href":"\/katalog\/wp-json\/wp\/v2\/product_tag?post=3849"}],"curies":[{"name":"wp","href":"https:\/\/api.w.org\/{rel}","templated":true}]}}