{"id":4135,"date":"2024-03-12T12:13:57","date_gmt":"2024-03-12T11:13:57","guid":{"rendered":"\/katalog\/?post_type=product&#038;p=4135"},"modified":"2024-03-12T12:13:57","modified_gmt":"2024-03-12T11:13:57","slug":"audipack-series-900-bodenstaender","status":"publish","type":"product","link":"\/katalog\/produkt\/audipack-series-900-bodenstaender\/","title":{"rendered":"Audipack Series 900 Bodenst\u00e4nder"},"content":{"rendered":"<p>Bodenst\u00e4nder f\u00fcr Displays bis 75&#8243;<br \/>\nH\u00f6he: 1800mm<br \/>\nQuick Release<\/p>\n","protected":false},"excerpt":{"rendered":"<p>Bodenst\u00e4nder f\u00fcr Displays bis 75&#8243; H\u00f6he: 1800mm Quick Release<\/p>\n","protected":false},"featured_media":4136,"comment_status":"closed","ping_status":"closed","template":"","meta":[],"product_cat":[241],"product_tag":[],"acf":[],"_links":{"self":[{"href":"\/katalog\/wp-json\/wp\/v2\/product\/4135"}],"collection":[{"href":"\/katalog\/wp-json\/wp\/v2\/product"}],"about":[{"href":"\/katalog\/wp-json\/wp\/v2\/types\/product"}],"replies":[{"embeddable":true,"href":"\/katalog\/wp-json\/wp\/v2\/comments?post=4135"}],"wp:featuredmedia":[{"embeddable":true,"href":"\/katalog\/wp-json\/wp\/v2\/media\/4136"}],"wp:attachment":[{"href":"\/katalog\/wp-json\/wp\/v2\/media?parent=4135"}],"wp:term":[{"taxonomy":"product_cat","embeddable":true,"href":"\/katalog\/wp-json\/wp\/v2\/product_cat?post=4135"},{"taxonomy":"product_tag","embeddable":true,"href":"\/katalog\/wp-json\/wp\/v2\/product_tag?post=4135"}],"curies":[{"name":"wp","href":"https:\/\/api.w.org\/{rel}","templated":true}]}}