{"id":4147,"date":"2024-03-12T12:34:28","date_gmt":"2024-03-12T11:34:28","guid":{"rendered":"\/katalog\/?post_type=product&#038;p=4147"},"modified":"2024-04-16T15:54:17","modified_gmt":"2024-04-16T13:54:17","slug":"indoor-led-modul-2-6-arc-arc-smd-500x500","status":"publish","type":"product","link":"\/katalog\/produkt\/indoor-led-modul-2-6-arc-arc-smd-500x500\/","title":{"rendered":"Indoor LED Modul 2.6 ARC ARC SMD 500&#215;500"},"content":{"rendered":"<p><strong>Preis pro Modul!! (kann sich je nach Anfrage \u00e4ndern)<\/strong><\/p>\n<p>Pixel Pitch: 2.6mm SMD<br \/>\nHelligkeit: 800 Nit<br \/>\nBetrachtungswinkel: 140\u00b0<br \/>\nModulgr\u00f6\u00dfe: 500x500mm<br \/>\nAufl\u00f6sung pro Modul: 192 x 192px<br \/>\nGewicht pro Modul: 7,5kg<br \/>\nLeistungsaufnahme: 50 W (max. 150W)<br \/>\nOptimaler Betrachtungsabstand: ab 3m<\/p>\n","protected":false},"excerpt":{"rendered":"<p>Preis pro Modul!! (kann sich je nach Anfrage \u00e4ndern) Pixel Pitch: 2.6mm SMD Helligkeit: 800 Nit Betrachtungswinkel: 140\u00b0 Modulgr\u00f6\u00dfe: 500x500mm Aufl\u00f6sung pro Modul: 192 x 192px Gewicht pro Modul: 7,5kg Leistungsaufnahme: 50 W (max. 150W) Optimaler Betrachtungsabstand: ab 3m<\/p>\n","protected":false},"featured_media":4184,"comment_status":"closed","ping_status":"closed","template":"","meta":[],"product_cat":[241],"product_tag":[],"acf":[],"_links":{"self":[{"href":"\/katalog\/wp-json\/wp\/v2\/product\/4147"}],"collection":[{"href":"\/katalog\/wp-json\/wp\/v2\/product"}],"about":[{"href":"\/katalog\/wp-json\/wp\/v2\/types\/product"}],"replies":[{"embeddable":true,"href":"\/katalog\/wp-json\/wp\/v2\/comments?post=4147"}],"wp:featuredmedia":[{"embeddable":true,"href":"\/katalog\/wp-json\/wp\/v2\/media\/4184"}],"wp:attachment":[{"href":"\/katalog\/wp-json\/wp\/v2\/media?parent=4147"}],"wp:term":[{"taxonomy":"product_cat","embeddable":true,"href":"\/katalog\/wp-json\/wp\/v2\/product_cat?post=4147"},{"taxonomy":"product_tag","embeddable":true,"href":"\/katalog\/wp-json\/wp\/v2\/product_tag?post=4147"}],"curies":[{"name":"wp","href":"https:\/\/api.w.org\/{rel}","templated":true}]}}